{"id":17,"date":"2024-06-13T19:40:20","date_gmt":"2024-06-13T17:40:20","guid":{"rendered":"https:\/\/pddne.eu\/?page_id=17"},"modified":"2024-11-01T22:29:07","modified_gmt":"2024-11-01T21:29:07","slug":"qui-sommes-nous","status":"publish","type":"page","link":"https:\/\/pddne.eu\/index.php\/qui-sommes-nous\/","title":{"rendered":"Qui sommes nous ?"},"content":{"rendered":"\n<p>Fond\u00e9e en 1978, sous le nom A E D E L E C (Association d&rsquo;Etude et de D\u00e9fense de l&rsquo;Environnement Limagne et Combrailles),<br>l&rsquo;association Puy De D\u00f4me Nature Environnement agit sur tout le d\u00e9partement.<\/p>\n\n\n\n<p><strong>Nos constats<\/strong> : Quand il y a atteinte \u00e0 l&rsquo;environnement, il y a toujours, d&rsquo;une mani\u00e8re ou d&rsquo;une autre, atteinte \u00e0 la d\u00e9mocratie au profit d&rsquo;int\u00e9r\u00eats particuliers et mercantiles.<\/p>\n\n\n\n<p><strong>Nos objectifs<\/strong> : d\u00e9fendre la nature, l&rsquo;environnement et promouvoir l&rsquo;\u00e9co-citoyennet\u00e9, c&rsquo;est \u00e0 dire la capacit\u00e9 des citoyens \u00e0 agir pour leur environnement.<\/p>\n\n\n\n<p><strong>Notre politique<\/strong> : se positionner face aux \u00e9lus et autres \u00ab\u00a0d\u00e9cideurs\u00a0\u00bb comme un r\u00e9el contre-pouvoir et une force de propositions; informer et former les citoyens en mati\u00e8re d&rsquo;\u00e9cologie.<\/p>\n\n\n\n<p><strong>Nos actions<\/strong> : Contre le nucl\u00e9aire, pour les \u00e9conomies d&rsquo;\u00e9nergie et les alternatives, contre l&rsquo;incin\u00e9rateur, pour la r\u00e9duction des d\u00e9chets \u00e0 la source, et le recyclage; contre les pesticides, les OGM., l&rsquo;\u00e9levage industriel et pour l&rsquo;agriculture biologique, contre l&rsquo;affichage publicitaire envahissant et pour la protection des paysages et du cadre de vie, pour les transports en commun, etc\u2026<\/p>\n\n\n\n<p>L&rsquo;association est aussi un relais pour des actions ext\u00e9rieures au d\u00e9partement: campagnes nationales contre le nucl\u00e9aire et les O.G.M., \u2026<br>L&rsquo;association apporte un soutien aux initiatives des associations locales de protection de l&rsquo;environnement du d\u00e9partement.<\/p>\n\n\n\n<p>L&rsquo;association est adh\u00e9rente \u00e0:<br>-R\u00e9seau national \u00ab\u00a0SORTIR DU NUCLEAIRE\u00a0\u00bb, (f\u00e9d\u00e9ration de plus de 760 associations)<\/p>\n\n\n\n<p>Puy De D\u00f4me Nature Environnement est en relation suivie avec :<br>-FRANCE NATURE ENVIRONNEMENT et participe aux travaux de plusieurs r\u00e9seaux constitu\u00e9s au sein de cette grande f\u00e9d\u00e9ration nationale des associations de d\u00e9fense de l&rsquo;environnement.<br>&#8211; la CRIIRAD- Commission de Recherche et d&rsquo;Information Ind\u00e9pendante sur la Radioactivit\u00e9. Nous disposons ainsi d&rsquo;informations et d&rsquo;un solide appui scientifique. Un radiam\u00e8tre Saphymo-Phy 6150 AD permet, en premi\u00e8res interventions, une surveillance de la radioactivit\u00e9, \u00e0 compl\u00e9ter si n\u00e9cessaire par des analyses.<\/p>\n\n\n\n<p>L&rsquo;association est agr\u00e9\u00e9e comme association de protection de l&rsquo;environnement par arr\u00eat\u00e9 pr\u00e9fectoral du 28 ao\u00fbt 2023 et ceci depuis 1995.<br>La cotisation est au choix avec un minimum de<br>10 \u20ac ou de 5\u20ac pour les personnes en difficult\u00e9. (Ch\u00e8ques \u00e0 l&rsquo;ordre de PDDNE). Ce montant est chaque ann\u00e9e soumis \u00e0 approbation en assembl\u00e9e g\u00e9n\u00e9rale.<br>Notre fichier adh\u00e9rents est informatis\u00e9. Conform\u00e9ment \u00e0 la loi Informatique et Libert\u00e9s, les adh\u00e9rents ont un droit d&rsquo;acc\u00e8s et de rectification aux informations dont nous sommes seuls destinataires.<\/p>\n\n\n\n<h2 class=\"wp-block-heading\">Cr\u00e9ation de l&rsquo;association en 1977<\/h2>\n\n\n\n<p><br>A l&rsquo;origine, un projet de mines d&rsquo;uranium pr\u00e8s de Ch\u00e2tel-Guyon, et aujourd&rsquo;hui Puy-de-D\u00f4me nature Environnement<br><\/p>\n\n\n\n<div class=\"wp-block-file\"><a id=\"wp-block-file--media-a6867a82-d236-49d3-baef-4dbadcdccd5a\" href=\"https:\/\/pddne.eu\/wp-content\/uploads\/2024\/10\/Histoire_dU.pdf\">Histoire_dU<\/a><a href=\"https:\/\/pddne.eu\/wp-content\/uploads\/2024\/10\/Histoire_dU.pdf\" class=\"wp-block-file__button wp-element-button\" download aria-describedby=\"wp-block-file--media-a6867a82-d236-49d3-baef-4dbadcdccd5a\">T\u00e9l\u00e9charger<\/a><\/div>\n","protected":false},"excerpt":{"rendered":"<p>Fond\u00e9e en 1978, sous le nom A E D E L E C (Association d&rsquo;Etude et de D\u00e9fense de l&rsquo;Environnement Limagne et Combrailles),l&rsquo;association Puy De D\u00f4me Nature Environnement agit sur tout le d\u00e9partement. Nos constats : Quand il y a atteinte \u00e0 l&rsquo;environnement, il y a toujours, d&rsquo;une mani\u00e8re ou d&rsquo;une autre, atteinte \u00e0 la [&hellip;]<\/p>\n","protected":false},"author":1,"featured_media":0,"parent":0,"menu_order":0,"comment_status":"closed","ping_status":"closed","template":"","meta":{"footnotes":""},"class_list":["post-17","page","type-page","status-publish","hentry"],"_links":{"self":[{"href":"https:\/\/pddne.eu\/index.php\/wp-json\/wp\/v2\/pages\/17","targetHints":{"allow":["GET"]}}],"collection":[{"href":"https:\/\/pddne.eu\/index.php\/wp-json\/wp\/v2\/pages"}],"about":[{"href":"https:\/\/pddne.eu\/index.php\/wp-json\/wp\/v2\/types\/page"}],"author":[{"embeddable":true,"href":"https:\/\/pddne.eu\/index.php\/wp-json\/wp\/v2\/users\/1"}],"replies":[{"embeddable":true,"href":"https:\/\/pddne.eu\/index.php\/wp-json\/wp\/v2\/comments?post=17"}],"version-history":[{"count":4,"href":"https:\/\/pddne.eu\/index.php\/wp-json\/wp\/v2\/pages\/17\/revisions"}],"predecessor-version":[{"id":835,"href":"https:\/\/pddne.eu\/index.php\/wp-json\/wp\/v2\/pages\/17\/revisions\/835"}],"wp:attachment":[{"href":"https:\/\/pddne.eu\/index.php\/wp-json\/wp\/v2\/media?parent=17"}],"curies":[{"name":"wp","href":"https:\/\/api.w.org\/{rel}","templated":true}]}}